{"id":1649,"date":"2024-10-26T01:57:53","date_gmt":"2024-10-26T01:57:53","guid":{"rendered":"https:\/\/slateblue-stingray-583411.hostingersite.com\/?post_type=product&#038;p=1649"},"modified":"2025-05-07T19:30:17","modified_gmt":"2025-05-07T19:30:17","slug":"charbon-bio","status":"publish","type":"product","link":"https:\/\/forchar.ca\/fr\/produit\/charbon-bio\/","title":{"rendered":"CHARBONE BIO"},"content":{"rendered":"<p><span style=\"vertical-align: inherit;\"><span style=\"vertical-align: inherit;\">CHARBON BIOLOGIQUE <\/span><\/span><br \/>\n<span style=\"vertical-align: inherit;\"><span style=\"vertical-align: inherit;\">Votre choix \u00e9cologique pour cuisiner <\/span><\/span><br \/>\n<span style=\"vertical-align: inherit;\"><span style=\"vertical-align: inherit;\">Le charbon de bois BlO dou ban benue de FORCHAR est le seul <\/span><\/span><br \/>\n<span style=\"vertical-align: inherit;\"><span style=\"vertical-align: inherit;\">charbon vert sur le march\u00e9 <\/span><\/span><br \/>\n<span style=\"vertical-align: inherit;\"><span style=\"vertical-align: inherit;\">(G\u00e9n\u00e8re la plus faible empreinte carbone dans l\u2019atmosph\u00e8re) <\/span><\/span><br \/>\n<span style=\"vertical-align: inherit;\"><span style=\"vertical-align: inherit;\">* \u00c9clairage rapide <\/span><\/span><br \/>\n<span style=\"vertical-align: inherit;\"><span style=\"vertical-align: inherit;\">* Chaleur intense, sans flamme, sans fum\u00e9e et sans odeur <\/span><\/span><br \/>\n<span style=\"vertical-align: inherit;\"><span style=\"vertical-align: inherit;\">* Braises prolong\u00e9es <\/span><\/span><br \/>\n<span style=\"vertical-align: inherit;\"><span style=\"vertical-align: inherit;\">De plus en plus populaire au Qu\u00e9bec! <\/span><\/span><br \/>\n<span style=\"vertical-align: inherit;\"><span style=\"vertical-align: inherit;\">Cuisiner avec le Charbon Bio FORCHAR sublime l'authenticit\u00e9 des saveurs de vos aliments !<\/span><\/span><\/p>","protected":false},"excerpt":{"rendered":"<p><strong><span style=\"vertical-align: inherit;\"><span style=\"vertical-align: inherit;\">*Minimum 2L par commande.*<\/span><\/span><br \/>\n<\/strong><br \/>\n<span style=\"vertical-align: inherit;\"><span style=\"vertical-align: inherit;\"> PS : Les sacs en gros et les quantit\u00e9s en vrac ne sont pas des articles \u00e0 mettre en rayon. Un ordre de travail pour la production doit \u00eatre \u00e9mis et un acompte sera n\u00e9cessaire. Le prix variera en fonction de la quantit\u00e9 de la transaction. FORCHAR est capable de traiter des commandes jusqu'\u00e0 1000 T. Nous serons heureux d'ex\u00e9cuter votre commande. Veuillez contacter l'administration ou le service des achats au (418) 598-2262 pour un devis. Merci.<\/span><\/span><\/p>","protected":false},"featured_media":2430,"comment_status":"open","ping_status":"closed","template":"","meta":{"inline_featured_image":false},"product_brand":[],"product_cat":[19],"product_tag":[],"class_list":{"0":"post-1649","1":"product","2":"type-product","3":"status-publish","4":"has-post-thumbnail","6":"product_cat-uncategorized","8":"first","9":"instock","10":"shipping-taxable","11":"purchasable","12":"product-type-variable"},"yoast_head":"<!-- This site is optimized with the Yoast SEO plugin v27.4 - https:\/\/yoast.com\/product\/yoast-seo-wordpress\/ -->\n<title>CHARBON BIO &#8211; FORCHAR<\/title>\n<meta name=\"robots\" content=\"index, follow, max-snippet:-1, max-image-preview:large, max-video-preview:-1\" \/>\n<link rel=\"canonical\" href=\"https:\/\/forchar.ca\/fr\/produit\/charbon-bio\/\" \/>\n<meta property=\"og:locale\" content=\"fr_FR\" \/>\n<meta property=\"og:type\" content=\"article\" \/>\n<meta property=\"og:title\" content=\"CHARBON BIO &#8211; FORCHAR\" \/>\n<meta property=\"og:description\" content=\"*Minimum 2L per order.   PS: Wholesale bag and bulk quantities are not shelving items. A work order to production must be issued and a deposit will be needed. Price will go according to the quantity of the transaction. FORCHAR is capable of handling orders up to 1000 T. We will be pleased to fulfill your order. Please contact Admin. Or Purchasing At (418) 598-2262 for a quotation. Thank You.\" \/>\n<meta property=\"og:url\" content=\"https:\/\/forchar.ca\/fr\/produit\/charbon-bio\/\" \/>\n<meta property=\"og:site_name\" content=\"FORCHAR\" \/>\n<meta property=\"article:modified_time\" content=\"2025-05-07T19:30:17+00:00\" \/>\n<meta property=\"og:image\" content=\"https:\/\/forchar.ca\/wp-content\/uploads\/2024\/10\/8.png\" \/>\n\t<meta property=\"og:image:width\" content=\"300\" \/>\n\t<meta property=\"og:image:height\" content=\"388\" \/>\n\t<meta property=\"og:image:type\" content=\"image\/png\" \/>\n<meta name=\"twitter:card\" content=\"summary_large_image\" \/>\n<meta name=\"twitter:label1\" content=\"Dur\u00e9e de lecture estim\u00e9e\" \/>\n\t<meta name=\"twitter:data1\" content=\"1 minute\" \/>\n<script type=\"application\/ld+json\" class=\"yoast-schema-graph\">{\"@context\":\"https:\\\/\\\/schema.org\",\"@graph\":[{\"@type\":\"WebPage\",\"@id\":\"https:\\\/\\\/forchar.ca\\\/en_us\\\/product\\\/charbon-bio\\\/\",\"url\":\"https:\\\/\\\/forchar.ca\\\/en_us\\\/product\\\/charbon-bio\\\/\",\"name\":\"CHARBON BIO &#8211; FORCHAR\",\"isPartOf\":{\"@id\":\"https:\\\/\\\/forchar.ca\\\/en_us\\\/#website\"},\"primaryImageOfPage\":{\"@id\":\"https:\\\/\\\/forchar.ca\\\/en_us\\\/product\\\/charbon-bio\\\/#primaryimage\"},\"image\":{\"@id\":\"https:\\\/\\\/forchar.ca\\\/en_us\\\/product\\\/charbon-bio\\\/#primaryimage\"},\"thumbnailUrl\":\"https:\\\/\\\/forchar.ca\\\/wp-content\\\/uploads\\\/2024\\\/10\\\/8.png\",\"datePublished\":\"2024-10-26T01:57:53+00:00\",\"dateModified\":\"2025-05-07T19:30:17+00:00\",\"breadcrumb\":{\"@id\":\"https:\\\/\\\/forchar.ca\\\/en_us\\\/product\\\/charbon-bio\\\/#breadcrumb\"},\"inLanguage\":\"fr-FR\",\"potentialAction\":[{\"@type\":\"ReadAction\",\"target\":[\"https:\\\/\\\/forchar.ca\\\/en_us\\\/product\\\/charbon-bio\\\/\"]}]},{\"@type\":\"ImageObject\",\"inLanguage\":\"fr-FR\",\"@id\":\"https:\\\/\\\/forchar.ca\\\/en_us\\\/product\\\/charbon-bio\\\/#primaryimage\",\"url\":\"https:\\\/\\\/forchar.ca\\\/wp-content\\\/uploads\\\/2024\\\/10\\\/8.png\",\"contentUrl\":\"https:\\\/\\\/forchar.ca\\\/wp-content\\\/uploads\\\/2024\\\/10\\\/8.png\",\"width\":300,\"height\":388},{\"@type\":\"BreadcrumbList\",\"@id\":\"https:\\\/\\\/forchar.ca\\\/en_us\\\/product\\\/charbon-bio\\\/#breadcrumb\",\"itemListElement\":[{\"@type\":\"ListItem\",\"position\":1,\"name\":\"Home\",\"item\":\"https:\\\/\\\/forchar.ca\\\/en_us\\\/\"},{\"@type\":\"ListItem\",\"position\":2,\"name\":\"Shop\",\"item\":\"https:\\\/\\\/slateblue-stingray-583411.hostingersite.com\\\/fr\\\/shop\\\/\"},{\"@type\":\"ListItem\",\"position\":3,\"name\":\"CHARBON BIO\"}]},{\"@type\":\"WebSite\",\"@id\":\"https:\\\/\\\/forchar.ca\\\/en_us\\\/#website\",\"url\":\"https:\\\/\\\/forchar.ca\\\/en_us\\\/\",\"name\":\"Forchar\",\"description\":\"Best Biochar Supplier\",\"publisher\":{\"@id\":\"https:\\\/\\\/forchar.ca\\\/en_us\\\/#organization\"},\"alternateName\":\"Forchar\",\"potentialAction\":[{\"@type\":\"SearchAction\",\"target\":{\"@type\":\"EntryPoint\",\"urlTemplate\":\"https:\\\/\\\/forchar.ca\\\/en_us\\\/?s={search_term_string}\"},\"query-input\":{\"@type\":\"PropertyValueSpecification\",\"valueRequired\":true,\"valueName\":\"search_term_string\"}}],\"inLanguage\":\"fr-FR\"},{\"@type\":\"Organization\",\"@id\":\"https:\\\/\\\/forchar.ca\\\/en_us\\\/#organization\",\"name\":\"Forchar\",\"alternateName\":\"Forchar\",\"url\":\"https:\\\/\\\/forchar.ca\\\/en_us\\\/\",\"logo\":{\"@type\":\"ImageObject\",\"inLanguage\":\"fr-FR\",\"@id\":\"https:\\\/\\\/forchar.ca\\\/en_us\\\/#\\\/schema\\\/logo\\\/image\\\/\",\"url\":\"https:\\\/\\\/forchar.ca\\\/wp-content\\\/uploads\\\/2024\\\/03\\\/ForCharlogowithwhiteglow-1.png\",\"contentUrl\":\"https:\\\/\\\/forchar.ca\\\/wp-content\\\/uploads\\\/2024\\\/03\\\/ForCharlogowithwhiteglow-1.png\",\"width\":925,\"height\":855,\"caption\":\"Forchar\"},\"image\":{\"@id\":\"https:\\\/\\\/forchar.ca\\\/en_us\\\/#\\\/schema\\\/logo\\\/image\\\/\"}}]}<\/script>\n<!-- \/ Yoast SEO plugin. -->","yoast_head_json":{"title":"CHARBON BIO &#8211; FORCHAR","robots":{"index":"index","follow":"follow","max-snippet":"max-snippet:-1","max-image-preview":"max-image-preview:large","max-video-preview":"max-video-preview:-1"},"canonical":"https:\/\/forchar.ca\/fr\/produit\/charbon-bio\/","og_locale":"fr_FR","og_type":"article","og_title":"CHARBON BIO &#8211; FORCHAR","og_description":"*Minimum 2L per order.   PS: Wholesale bag and bulk quantities are not shelving items. A work order to production must be issued and a deposit will be needed. Price will go according to the quantity of the transaction. FORCHAR is capable of handling orders up to 1000 T. We will be pleased to fulfill your order. Please contact Admin. Or Purchasing At (418) 598-2262 for a quotation. Thank You.","og_url":"https:\/\/forchar.ca\/fr\/produit\/charbon-bio\/","og_site_name":"FORCHAR","article_modified_time":"2025-05-07T19:30:17+00:00","og_image":[{"width":300,"height":388,"url":"https:\/\/forchar.ca\/wp-content\/uploads\/2024\/10\/8.png","type":"image\/png"}],"twitter_card":"summary_large_image","twitter_misc":{"Dur\u00e9e de lecture estim\u00e9e":"1 minute"},"schema":{"@context":"https:\/\/schema.org","@graph":[{"@type":"WebPage","@id":"https:\/\/forchar.ca\/en_us\/product\/charbon-bio\/","url":"https:\/\/forchar.ca\/en_us\/product\/charbon-bio\/","name":"CHARBON BIO &#8211; FORCHAR","isPartOf":{"@id":"https:\/\/forchar.ca\/en_us\/#website"},"primaryImageOfPage":{"@id":"https:\/\/forchar.ca\/en_us\/product\/charbon-bio\/#primaryimage"},"image":{"@id":"https:\/\/forchar.ca\/en_us\/product\/charbon-bio\/#primaryimage"},"thumbnailUrl":"https:\/\/forchar.ca\/wp-content\/uploads\/2024\/10\/8.png","datePublished":"2024-10-26T01:57:53+00:00","dateModified":"2025-05-07T19:30:17+00:00","breadcrumb":{"@id":"https:\/\/forchar.ca\/en_us\/product\/charbon-bio\/#breadcrumb"},"inLanguage":"fr-FR","potentialAction":[{"@type":"ReadAction","target":["https:\/\/forchar.ca\/en_us\/product\/charbon-bio\/"]}]},{"@type":"ImageObject","inLanguage":"fr-FR","@id":"https:\/\/forchar.ca\/en_us\/product\/charbon-bio\/#primaryimage","url":"https:\/\/forchar.ca\/wp-content\/uploads\/2024\/10\/8.png","contentUrl":"https:\/\/forchar.ca\/wp-content\/uploads\/2024\/10\/8.png","width":300,"height":388},{"@type":"BreadcrumbList","@id":"https:\/\/forchar.ca\/en_us\/product\/charbon-bio\/#breadcrumb","itemListElement":[{"@type":"ListItem","position":1,"name":"Home","item":"https:\/\/forchar.ca\/en_us\/"},{"@type":"ListItem","position":2,"name":"Shop","item":"https:\/\/slateblue-stingray-583411.hostingersite.com\/fr\/shop\/"},{"@type":"ListItem","position":3,"name":"CHARBON BIO"}]},{"@type":"WebSite","@id":"https:\/\/forchar.ca\/en_us\/#website","url":"https:\/\/forchar.ca\/en_us\/","name":"Forchar","description":"Best Biochar Supplier","publisher":{"@id":"https:\/\/forchar.ca\/en_us\/#organization"},"alternateName":"Forchar","potentialAction":[{"@type":"SearchAction","target":{"@type":"EntryPoint","urlTemplate":"https:\/\/forchar.ca\/en_us\/?s={search_term_string}"},"query-input":{"@type":"PropertyValueSpecification","valueRequired":true,"valueName":"search_term_string"}}],"inLanguage":"fr-FR"},{"@type":"Organization","@id":"https:\/\/forchar.ca\/en_us\/#organization","name":"Forchar","alternateName":"Forchar","url":"https:\/\/forchar.ca\/en_us\/","logo":{"@type":"ImageObject","inLanguage":"fr-FR","@id":"https:\/\/forchar.ca\/en_us\/#\/schema\/logo\/image\/","url":"https:\/\/forchar.ca\/wp-content\/uploads\/2024\/03\/ForCharlogowithwhiteglow-1.png","contentUrl":"https:\/\/forchar.ca\/wp-content\/uploads\/2024\/03\/ForCharlogowithwhiteglow-1.png","width":925,"height":855,"caption":"Forchar"},"image":{"@id":"https:\/\/forchar.ca\/en_us\/#\/schema\/logo\/image\/"}}]}},"_links":{"self":[{"href":"https:\/\/forchar.ca\/fr\/wp-json\/wp\/v2\/product\/1649","targetHints":{"allow":["GET"]}}],"collection":[{"href":"https:\/\/forchar.ca\/fr\/wp-json\/wp\/v2\/product"}],"about":[{"href":"https:\/\/forchar.ca\/fr\/wp-json\/wp\/v2\/types\/product"}],"replies":[{"embeddable":true,"href":"https:\/\/forchar.ca\/fr\/wp-json\/wp\/v2\/comments?post=1649"}],"wp:featuredmedia":[{"embeddable":true,"href":"https:\/\/forchar.ca\/fr\/wp-json\/wp\/v2\/media\/2430"}],"wp:attachment":[{"href":"https:\/\/forchar.ca\/fr\/wp-json\/wp\/v2\/media?parent=1649"}],"wp:term":[{"taxonomy":"product_brand","embeddable":true,"href":"https:\/\/forchar.ca\/fr\/wp-json\/wp\/v2\/product_brand?post=1649"},{"taxonomy":"product_cat","embeddable":true,"href":"https:\/\/forchar.ca\/fr\/wp-json\/wp\/v2\/product_cat?post=1649"},{"taxonomy":"product_tag","embeddable":true,"href":"https:\/\/forchar.ca\/fr\/wp-json\/wp\/v2\/product_tag?post=1649"}],"curies":[{"name":"wp","href":"https:\/\/api.w.org\/{rel}","templated":true}]}}