{"id":1330,"date":"2024-10-16T01:54:24","date_gmt":"2024-10-16T01:54:24","guid":{"rendered":"https:\/\/slateblue-stingray-583411.hostingersite.com\/?post_type=product&#038;p=1330"},"modified":"2025-05-07T19:00:57","modified_gmt":"2025-05-07T19:00:57","slug":"terre-bleu","status":"publish","type":"product","link":"https:\/\/forchar.ca\/fr\/produit\/terre-bleu\/","title":{"rendered":"Terre Bleu"},"content":{"rendered":"<p>Est l\u2019innovation de FORCHAR compos\u00e9 de Biochars et de substances d\u2019algues. Cela procure \u00e0 notre Biochar des propri\u00e9t\u00e9s exceptionnelles en valeurs nutritives. L\u2019addition d\u2019algues est une premi\u00e8re de ce type. De fa\u00e7on tout \u00e0 fait organique, cette incorporation transfert \u00e0 la terre, l\u2019azote, le phosphore et le potassium ; les trois nutriments qui composent en g\u00e9n\u00e9ral un ensemble complet d\u2019engrais naturel.<\/p>","protected":false},"excerpt":{"rendered":"<p><strong><span style=\"vertical-align: inherit;\"><span style=\"vertical-align: inherit;\">*Minimum 2L par commande.*<\/span><\/span><\/strong><br \/>\n<span style=\"vertical-align: inherit;\"><span style=\"vertical-align: inherit;\"> PS : Les sacs en gros et les quantit\u00e9s en vrac ne sont pas des articles \u00e0 mettre en rayon. Un ordre de travail pour la production doit \u00eatre \u00e9mis et un acompte sera n\u00e9cessaire. Le prix variera en fonction de la quantit\u00e9 de la transaction. FORCHAR est capable de traiter des commandes jusqu'\u00e0 1000 T. Nous serons heureux d'ex\u00e9cuter votre commande. Veuillez contacter l'administration ou le service des achats au (418) 598-2262 pour un devis. Merci.<\/span><\/span><\/p>","protected":false},"featured_media":2425,"comment_status":"open","ping_status":"closed","template":"","meta":{"inline_featured_image":false},"product_brand":[],"product_cat":[19],"product_tag":[],"class_list":{"0":"post-1330","1":"product","2":"type-product","3":"status-publish","4":"has-post-thumbnail","6":"product_cat-uncategorized","8":"first","9":"instock","10":"shipping-taxable","11":"purchasable","12":"product-type-variable"},"yoast_head":"<!-- This site is optimized with the Yoast SEO plugin v27.4 - https:\/\/yoast.com\/product\/yoast-seo-wordpress\/ -->\n<title>Terre Bleu &#8211; FORCHAR<\/title>\n<meta name=\"robots\" content=\"index, follow, max-snippet:-1, max-image-preview:large, max-video-preview:-1\" \/>\n<link rel=\"canonical\" href=\"https:\/\/slateblue-stingray-583411.hostingersite.com\/fr\/produit\/terre-bleu\/\" \/>\n<meta property=\"og:locale\" content=\"fr_FR\" \/>\n<meta property=\"og:type\" content=\"article\" \/>\n<meta property=\"og:title\" content=\"Terre Bleu &#8211; FORCHAR\" \/>\n<meta property=\"og:description\" content=\"*Minimum 2L per order.  PS: Wholesale bag and bulk quantities are not shelving items. A work order to production must be issued and a deposit will be needed. Price will go according to the quantity of the transaction. FORCHAR is capable of handling orders up to 1000 T. We will be pleased to fulfill your order. Please contact Admin. Or Purchasing At (418) 598-2262 for a quotation. Thank You.\" \/>\n<meta property=\"og:url\" content=\"https:\/\/slateblue-stingray-583411.hostingersite.com\/fr\/produit\/terre-bleu\/\" \/>\n<meta property=\"og:site_name\" content=\"FORCHAR\" \/>\n<meta property=\"article:modified_time\" content=\"2025-05-07T19:00:57+00:00\" \/>\n<meta property=\"og:image\" content=\"https:\/\/slateblue-stingray-583411.hostingersite.com\/wp-content\/uploads\/2024\/10\/5-791x1024.png\" \/>\n\t<meta property=\"og:image:width\" content=\"791\" \/>\n\t<meta property=\"og:image:height\" content=\"1024\" \/>\n\t<meta property=\"og:image:type\" content=\"image\/png\" \/>\n<meta name=\"twitter:card\" content=\"summary_large_image\" \/>\n<meta name=\"twitter:label1\" content=\"Dur\u00e9e de lecture estim\u00e9e\" \/>\n\t<meta name=\"twitter:data1\" content=\"1 minute\" \/>\n<script type=\"application\/ld+json\" class=\"yoast-schema-graph\">{\"@context\":\"https:\\\/\\\/schema.org\",\"@graph\":[{\"@type\":\"WebPage\",\"@id\":\"https:\\\/\\\/slateblue-stingray-583411.hostingersite.com\\\/fr\\\/produit\\\/terre-bleu\\\/\",\"url\":\"https:\\\/\\\/slateblue-stingray-583411.hostingersite.com\\\/fr\\\/produit\\\/terre-bleu\\\/\",\"name\":\"Terre Bleu &#8211; FORCHAR\",\"isPartOf\":{\"@id\":\"https:\\\/\\\/forchar.ca\\\/en_us\\\/#website\"},\"primaryImageOfPage\":{\"@id\":\"https:\\\/\\\/slateblue-stingray-583411.hostingersite.com\\\/fr\\\/produit\\\/terre-bleu\\\/#primaryimage\"},\"image\":{\"@id\":\"https:\\\/\\\/slateblue-stingray-583411.hostingersite.com\\\/fr\\\/produit\\\/terre-bleu\\\/#primaryimage\"},\"thumbnailUrl\":\"https:\\\/\\\/forchar.ca\\\/wp-content\\\/uploads\\\/2024\\\/10\\\/5.png\",\"datePublished\":\"2024-10-16T01:54:24+00:00\",\"dateModified\":\"2025-05-07T19:00:57+00:00\",\"breadcrumb\":{\"@id\":\"https:\\\/\\\/slateblue-stingray-583411.hostingersite.com\\\/fr\\\/produit\\\/terre-bleu\\\/#breadcrumb\"},\"inLanguage\":\"fr-FR\",\"potentialAction\":[{\"@type\":\"ReadAction\",\"target\":[\"https:\\\/\\\/slateblue-stingray-583411.hostingersite.com\\\/fr\\\/produit\\\/terre-bleu\\\/\"]}]},{\"@type\":\"ImageObject\",\"inLanguage\":\"fr-FR\",\"@id\":\"https:\\\/\\\/slateblue-stingray-583411.hostingersite.com\\\/fr\\\/produit\\\/terre-bleu\\\/#primaryimage\",\"url\":\"https:\\\/\\\/forchar.ca\\\/wp-content\\\/uploads\\\/2024\\\/10\\\/5.png\",\"contentUrl\":\"https:\\\/\\\/forchar.ca\\\/wp-content\\\/uploads\\\/2024\\\/10\\\/5.png\",\"width\":1582,\"height\":2048},{\"@type\":\"BreadcrumbList\",\"@id\":\"https:\\\/\\\/slateblue-stingray-583411.hostingersite.com\\\/fr\\\/produit\\\/terre-bleu\\\/#breadcrumb\",\"itemListElement\":[{\"@type\":\"ListItem\",\"position\":1,\"name\":\"Home\",\"item\":\"https:\\\/\\\/forchar.ca\\\/en_us\\\/\"},{\"@type\":\"ListItem\",\"position\":2,\"name\":\"Shop\",\"item\":\"https:\\\/\\\/slateblue-stingray-583411.hostingersite.com\\\/fr\\\/shop\\\/\"},{\"@type\":\"ListItem\",\"position\":3,\"name\":\"Terre Bleu\"}]},{\"@type\":\"WebSite\",\"@id\":\"https:\\\/\\\/forchar.ca\\\/en_us\\\/#website\",\"url\":\"https:\\\/\\\/forchar.ca\\\/en_us\\\/\",\"name\":\"Forchar\",\"description\":\"Best Biochar Supplier\",\"publisher\":{\"@id\":\"https:\\\/\\\/forchar.ca\\\/en_us\\\/#organization\"},\"alternateName\":\"Forchar\",\"potentialAction\":[{\"@type\":\"SearchAction\",\"target\":{\"@type\":\"EntryPoint\",\"urlTemplate\":\"https:\\\/\\\/forchar.ca\\\/en_us\\\/?s={search_term_string}\"},\"query-input\":{\"@type\":\"PropertyValueSpecification\",\"valueRequired\":true,\"valueName\":\"search_term_string\"}}],\"inLanguage\":\"fr-FR\"},{\"@type\":\"Organization\",\"@id\":\"https:\\\/\\\/forchar.ca\\\/en_us\\\/#organization\",\"name\":\"Forchar\",\"alternateName\":\"Forchar\",\"url\":\"https:\\\/\\\/forchar.ca\\\/en_us\\\/\",\"logo\":{\"@type\":\"ImageObject\",\"inLanguage\":\"fr-FR\",\"@id\":\"https:\\\/\\\/forchar.ca\\\/en_us\\\/#\\\/schema\\\/logo\\\/image\\\/\",\"url\":\"https:\\\/\\\/forchar.ca\\\/wp-content\\\/uploads\\\/2024\\\/03\\\/ForCharlogowithwhiteglow-1.png\",\"contentUrl\":\"https:\\\/\\\/forchar.ca\\\/wp-content\\\/uploads\\\/2024\\\/03\\\/ForCharlogowithwhiteglow-1.png\",\"width\":925,\"height\":855,\"caption\":\"Forchar\"},\"image\":{\"@id\":\"https:\\\/\\\/forchar.ca\\\/en_us\\\/#\\\/schema\\\/logo\\\/image\\\/\"}}]}<\/script>\n<!-- \/ Yoast SEO plugin. -->","yoast_head_json":{"title":"Terre Bleu &#8211; FORCHAR","robots":{"index":"index","follow":"follow","max-snippet":"max-snippet:-1","max-image-preview":"max-image-preview:large","max-video-preview":"max-video-preview:-1"},"canonical":"https:\/\/slateblue-stingray-583411.hostingersite.com\/fr\/produit\/terre-bleu\/","og_locale":"fr_FR","og_type":"article","og_title":"Terre Bleu &#8211; FORCHAR","og_description":"*Minimum 2L per order.  PS: Wholesale bag and bulk quantities are not shelving items. A work order to production must be issued and a deposit will be needed. Price will go according to the quantity of the transaction. FORCHAR is capable of handling orders up to 1000 T. We will be pleased to fulfill your order. Please contact Admin. Or Purchasing At (418) 598-2262 for a quotation. Thank You.","og_url":"https:\/\/slateblue-stingray-583411.hostingersite.com\/fr\/produit\/terre-bleu\/","og_site_name":"FORCHAR","article_modified_time":"2025-05-07T19:00:57+00:00","og_image":[{"width":791,"height":1024,"url":"https:\/\/slateblue-stingray-583411.hostingersite.com\/wp-content\/uploads\/2024\/10\/5-791x1024.png","type":"image\/png"}],"twitter_card":"summary_large_image","twitter_misc":{"Dur\u00e9e de lecture estim\u00e9e":"1 minute"},"schema":{"@context":"https:\/\/schema.org","@graph":[{"@type":"WebPage","@id":"https:\/\/slateblue-stingray-583411.hostingersite.com\/fr\/produit\/terre-bleu\/","url":"https:\/\/slateblue-stingray-583411.hostingersite.com\/fr\/produit\/terre-bleu\/","name":"Terre Bleu &#8211; FORCHAR","isPartOf":{"@id":"https:\/\/forchar.ca\/en_us\/#website"},"primaryImageOfPage":{"@id":"https:\/\/slateblue-stingray-583411.hostingersite.com\/fr\/produit\/terre-bleu\/#primaryimage"},"image":{"@id":"https:\/\/slateblue-stingray-583411.hostingersite.com\/fr\/produit\/terre-bleu\/#primaryimage"},"thumbnailUrl":"https:\/\/forchar.ca\/wp-content\/uploads\/2024\/10\/5.png","datePublished":"2024-10-16T01:54:24+00:00","dateModified":"2025-05-07T19:00:57+00:00","breadcrumb":{"@id":"https:\/\/slateblue-stingray-583411.hostingersite.com\/fr\/produit\/terre-bleu\/#breadcrumb"},"inLanguage":"fr-FR","potentialAction":[{"@type":"ReadAction","target":["https:\/\/slateblue-stingray-583411.hostingersite.com\/fr\/produit\/terre-bleu\/"]}]},{"@type":"ImageObject","inLanguage":"fr-FR","@id":"https:\/\/slateblue-stingray-583411.hostingersite.com\/fr\/produit\/terre-bleu\/#primaryimage","url":"https:\/\/forchar.ca\/wp-content\/uploads\/2024\/10\/5.png","contentUrl":"https:\/\/forchar.ca\/wp-content\/uploads\/2024\/10\/5.png","width":1582,"height":2048},{"@type":"BreadcrumbList","@id":"https:\/\/slateblue-stingray-583411.hostingersite.com\/fr\/produit\/terre-bleu\/#breadcrumb","itemListElement":[{"@type":"ListItem","position":1,"name":"Home","item":"https:\/\/forchar.ca\/en_us\/"},{"@type":"ListItem","position":2,"name":"Shop","item":"https:\/\/slateblue-stingray-583411.hostingersite.com\/fr\/shop\/"},{"@type":"ListItem","position":3,"name":"Terre Bleu"}]},{"@type":"WebSite","@id":"https:\/\/forchar.ca\/en_us\/#website","url":"https:\/\/forchar.ca\/en_us\/","name":"Forchar","description":"Best Biochar Supplier","publisher":{"@id":"https:\/\/forchar.ca\/en_us\/#organization"},"alternateName":"Forchar","potentialAction":[{"@type":"SearchAction","target":{"@type":"EntryPoint","urlTemplate":"https:\/\/forchar.ca\/en_us\/?s={search_term_string}"},"query-input":{"@type":"PropertyValueSpecification","valueRequired":true,"valueName":"search_term_string"}}],"inLanguage":"fr-FR"},{"@type":"Organization","@id":"https:\/\/forchar.ca\/en_us\/#organization","name":"Forchar","alternateName":"Forchar","url":"https:\/\/forchar.ca\/en_us\/","logo":{"@type":"ImageObject","inLanguage":"fr-FR","@id":"https:\/\/forchar.ca\/en_us\/#\/schema\/logo\/image\/","url":"https:\/\/forchar.ca\/wp-content\/uploads\/2024\/03\/ForCharlogowithwhiteglow-1.png","contentUrl":"https:\/\/forchar.ca\/wp-content\/uploads\/2024\/03\/ForCharlogowithwhiteglow-1.png","width":925,"height":855,"caption":"Forchar"},"image":{"@id":"https:\/\/forchar.ca\/en_us\/#\/schema\/logo\/image\/"}}]}},"_links":{"self":[{"href":"https:\/\/forchar.ca\/fr\/wp-json\/wp\/v2\/product\/1330","targetHints":{"allow":["GET"]}}],"collection":[{"href":"https:\/\/forchar.ca\/fr\/wp-json\/wp\/v2\/product"}],"about":[{"href":"https:\/\/forchar.ca\/fr\/wp-json\/wp\/v2\/types\/product"}],"replies":[{"embeddable":true,"href":"https:\/\/forchar.ca\/fr\/wp-json\/wp\/v2\/comments?post=1330"}],"wp:featuredmedia":[{"embeddable":true,"href":"https:\/\/forchar.ca\/fr\/wp-json\/wp\/v2\/media\/2425"}],"wp:attachment":[{"href":"https:\/\/forchar.ca\/fr\/wp-json\/wp\/v2\/media?parent=1330"}],"wp:term":[{"taxonomy":"product_brand","embeddable":true,"href":"https:\/\/forchar.ca\/fr\/wp-json\/wp\/v2\/product_brand?post=1330"},{"taxonomy":"product_cat","embeddable":true,"href":"https:\/\/forchar.ca\/fr\/wp-json\/wp\/v2\/product_cat?post=1330"},{"taxonomy":"product_tag","embeddable":true,"href":"https:\/\/forchar.ca\/fr\/wp-json\/wp\/v2\/product_tag?post=1330"}],"curies":[{"name":"wp","href":"https:\/\/api.w.org\/{rel}","templated":true}]}}