{"id":457,"date":"2024-04-15T12:49:25","date_gmt":"2024-04-15T12:49:25","guid":{"rendered":"https:\/\/slateblue-stingray-583411.hostingersite.com\/?page_id=457"},"modified":"2025-12-29T12:04:56","modified_gmt":"2025-12-29T12:04:56","slug":"carbon-farming","status":"publish","type":"page","link":"https:\/\/forchar.ca\/fr\/carbon-farming\/","title":{"rendered":"Agriculture de Carbone"},"content":{"rendered":"<div data-elementor-type=\"wp-page\" data-elementor-id=\"457\" class=\"elementor elementor-457\" data-elementor-post-type=\"page\">\n\t\t\t\t<div class=\"elementor-element elementor-element-d94a463 e-flex e-con-boxed e-con e-parent\" data-id=\"d94a463\" data-element_type=\"container\" data-e-type=\"container\" data-settings=\"{&quot;background_background&quot;:&quot;classic&quot;}\">\n\t\t\t\t\t<div class=\"e-con-inner\">\n\t\t<div class=\"elementor-element elementor-element-f700553 e-flex e-con-boxed e-con e-child\" data-id=\"f700553\" data-element_type=\"container\" data-e-type=\"container\">\n\t\t\t\t\t<div class=\"e-con-inner\">\n\t\t\t\t<div class=\"elementor-element elementor-element-2d80560 elementor-icon-list--layout-inline elementor-align-center elementor-list-item-link-full_width elementor-widget elementor-widget-icon-list\" data-id=\"2d80560\" data-element_type=\"widget\" data-e-type=\"widget\" data-widget_type=\"icon-list.default\">\n\t\t\t\t<div class=\"elementor-widget-container\">\n\t\t\t\t\t\t\t<ul class=\"elementor-icon-list-items elementor-inline-items\">\n\t\t\t\t\t\t\t<li class=\"elementor-icon-list-item elementor-inline-item\">\n\t\t\t\t\t\t\t\t\t\t\t<a href=\"#\">\n\n\t\t\t\t\t\t\t\t\t\t\t<span class=\"elementor-icon-list-text\">Usine FORCHAR<\/span>\n\t\t\t\t\t\t\t\t\t\t\t<\/a>\n\t\t\t\t\t\t\t\t\t<\/li>\n\t\t\t\t\t\t\t\t<li class=\"elementor-icon-list-item elementor-inline-item\">\n\t\t\t\t\t\t\t\t\t\t\t<a href=\"#\">\n\n\t\t\t\t\t\t\t\t\t\t\t<span class=\"elementor-icon-list-text\">Agriculture de Carbone<\/span>\n\t\t\t\t\t\t\t\t\t\t\t<\/a>\n\t\t\t\t\t\t\t\t\t<\/li>\n\t\t\t\t\t\t<\/ul>\n\t\t\t\t\t\t<\/div>\n\t\t\t\t<\/div>\n\t\t\t\t<div class=\"elementor-element elementor-element-5222011 elementor-widget elementor-widget-heading\" data-id=\"5222011\" data-element_type=\"widget\" data-e-type=\"widget\" data-widget_type=\"heading.default\">\n\t\t\t\t<div class=\"elementor-widget-container\">\n\t\t\t\t\t<h2 class=\"elementor-heading-title elementor-size-default\">Agriculture de Carbone<\/h2>\t\t\t\t<\/div>\n\t\t\t\t<\/div>\n\t\t\t\t\t<\/div>\n\t\t\t\t<\/div>\n\t\t\t\t\t<\/div>\n\t\t\t\t<\/div>\n\t\t<div class=\"elementor-element elementor-element-5482048 e-flex e-con-boxed e-con e-parent\" data-id=\"5482048\" data-element_type=\"container\" data-e-type=\"container\" data-settings=\"{&quot;background_background&quot;:&quot;classic&quot;}\">\n\t\t\t\t\t<div class=\"e-con-inner\">\n\t\t<div class=\"elementor-element elementor-element-f1ebccc e-flex e-con-boxed e-con e-child\" data-id=\"f1ebccc\" data-element_type=\"container\" data-e-type=\"container\">\n\t\t\t\t\t<div class=\"e-con-inner\">\n\t\t\t\t<div class=\"elementor-element elementor-element-55e7f3e elementor-icon-list--layout-inline elementor-align-center elementor-list-item-link-full_width elementor-widget elementor-widget-icon-list\" data-id=\"55e7f3e\" data-element_type=\"widget\" data-e-type=\"widget\" data-widget_type=\"icon-list.default\">\n\t\t\t\t<div class=\"elementor-widget-container\">\n\t\t\t\t\t\t\t<ul class=\"elementor-icon-list-items elementor-inline-items\">\n\t\t\t\t\t\t\t<li class=\"elementor-icon-list-item elementor-inline-item\">\n\t\t\t\t\t\t\t\t\t\t\t<a href=\"https:\/\/forchar.ca\/fr\/marketplace\/\">\n\n\t\t\t\t\t\t\t\t\t\t\t<span class=\"elementor-icon-list-text\">Lib\u00e9rer la puissance de la nature gr\u00e2ce au biochar<\/span>\n\t\t\t\t\t\t\t\t\t\t\t<\/a>\n\t\t\t\t\t\t\t\t\t<\/li>\n\t\t\t\t\t\t\t\t<li class=\"elementor-icon-list-item elementor-inline-item\">\n\t\t\t\t\t\t\t\t\t\t\t<a href=\"tel:+14185982262%20\">\n\n\t\t\t\t\t\t\t\t\t\t\t<span class=\"elementor-icon-list-text\">APPELEZ-NOUS AU (418) 598-2262 <\/span>\n\t\t\t\t\t\t\t\t\t\t\t<\/a>\n\t\t\t\t\t\t\t\t\t<\/li>\n\t\t\t\t\t\t<\/ul>\n\t\t\t\t\t\t<\/div>\n\t\t\t\t<\/div>\n\t\t\t\t\t<\/div>\n\t\t\t\t<\/div>\n\t\t\t\t\t<\/div>\n\t\t\t\t<\/div>\n\t\t<div class=\"elementor-element elementor-element-17c4ec0 e-flex e-con-boxed e-con e-parent\" data-id=\"17c4ec0\" data-element_type=\"container\" data-e-type=\"container\" data-settings=\"{&quot;background_background&quot;:&quot;classic&quot;}\">\n\t\t\t\t\t<div class=\"e-con-inner\">\n\t\t<div class=\"elementor-element elementor-element-859408a e-con-full e-flex e-con e-child\" data-id=\"859408a\" data-element_type=\"container\" data-e-type=\"container\">\n\t\t\t\t<div class=\"elementor-element elementor-element-62d0ebe elementor-widget__width-auto elementor-widget-tablet__width-inherit elementor-widget elementor-widget-image\" data-id=\"62d0ebe\" data-element_type=\"widget\" data-e-type=\"widget\" data-widget_type=\"image.default\">\n\t\t\t\t<div class=\"elementor-widget-container\">\n\t\t\t\t\t\t\t\t\t\t\t\t\t\t\t<img fetchpriority=\"high\" decoding=\"async\" width=\"800\" height=\"534\" src=\"https:\/\/forchar.ca\/wp-content\/uploads\/2024\/05\/farmers-working-at-pumpkin-farm-2023-11-27-05-14-50-utc-1024x683.jpg\" class=\"attachment-large size-large wp-image-640\" alt=\"\" srcset=\"https:\/\/forchar.ca\/wp-content\/uploads\/2024\/05\/farmers-working-at-pumpkin-farm-2023-11-27-05-14-50-utc-1024x683.jpg 1024w, https:\/\/forchar.ca\/wp-content\/uploads\/2024\/05\/farmers-working-at-pumpkin-farm-2023-11-27-05-14-50-utc-300x200.jpg 300w, https:\/\/forchar.ca\/wp-content\/uploads\/2024\/05\/farmers-working-at-pumpkin-farm-2023-11-27-05-14-50-utc-scaled-600x400.jpg 600w, https:\/\/forchar.ca\/wp-content\/uploads\/2024\/05\/farmers-working-at-pumpkin-farm-2023-11-27-05-14-50-utc-768x513.jpg 768w, https:\/\/forchar.ca\/wp-content\/uploads\/2024\/05\/farmers-working-at-pumpkin-farm-2023-11-27-05-14-50-utc-1536x1025.jpg 1536w, https:\/\/forchar.ca\/wp-content\/uploads\/2024\/05\/farmers-working-at-pumpkin-farm-2023-11-27-05-14-50-utc-2048x1367.jpg 2048w\" sizes=\"(max-width: 800px) 100vw, 800px\" \/>\t\t\t\t\t\t\t\t\t\t\t\t\t\t\t<\/div>\n\t\t\t\t<\/div>\n\t\t\t\t<\/div>\n\t\t<div class=\"elementor-element elementor-element-8a1ac2d e-con-full e-flex e-con e-child\" data-id=\"8a1ac2d\" data-element_type=\"container\" data-e-type=\"container\">\n\t\t<div class=\"elementor-element elementor-element-c9060e4 e-flex e-con-boxed e-con e-child\" data-id=\"c9060e4\" data-element_type=\"container\" data-e-type=\"container\">\n\t\t\t\t\t<div class=\"e-con-inner\">\n\t\t\t\t<div class=\"elementor-element elementor-element-1958e4b elementor-widget elementor-widget-heading\" data-id=\"1958e4b\" data-element_type=\"widget\" data-e-type=\"widget\" data-widget_type=\"heading.default\">\n\t\t\t\t<div class=\"elementor-widget-container\">\n\t\t\t\t\t<h2 class=\"elementor-heading-title elementor-size-default\">Lutter contre le changement climatique gr\u00e2ce \u00e0 l'agriculture durable<\/h2>\t\t\t\t<\/div>\n\t\t\t\t<\/div>\n\t\t\t\t<div class=\"elementor-element elementor-element-63e2736 elementor-widget elementor-widget-heading\" data-id=\"63e2736\" data-element_type=\"widget\" data-e-type=\"widget\" data-widget_type=\"heading.default\">\n\t\t\t\t<div class=\"elementor-widget-container\">\n\t\t\t\t\t<h3 class=\"elementor-heading-title elementor-size-default\">Introduction \u00e0 l'agriculture du carbone<\/h3>\t\t\t\t<\/div>\n\t\t\t\t<\/div>\n\t\t\t\t<div class=\"elementor-element elementor-element-1c45a14 elementor-widget elementor-widget-text-editor\" data-id=\"1c45a14\" data-element_type=\"widget\" data-e-type=\"widget\" data-widget_type=\"text-editor.default\">\n\t\t\t\t<div class=\"elementor-widget-container\">\n\t\t\t\t\t\t\t\t\t<p>Dans la lutte mondiale contre les changements climatiques, la r\u00e9duction des \u00e9missions de dioxyde de carbone (CO2) et d\u2019autres gaz \u00e0 effet de serre est devenue une priorit\u00e9 absolue. Les gouvernements du monde entier, dont le Canada et le Qu\u00e9bec, mettent en \u0153uvre des mesures proactives pour relever les d\u00e9fis environnementaux et soutenir les pratiques agricoles durables. Cela comprend des initiatives comme les cr\u00e9dits carbone, qui encouragent la r\u00e9duction des \u00e9missions et favorisent la gestion environnementale dans le secteur agricole.<\/p>\t\t\t\t\t\t\t\t<\/div>\n\t\t\t\t<\/div>\n\t\t\t\t\t<\/div>\n\t\t\t\t<\/div>\n\t\t\t\t<\/div>\n\t\t\t\t\t<\/div>\n\t\t\t\t<\/div>\n\t\t<div class=\"elementor-element elementor-element-a9c2f68 e-flex e-con-boxed e-con e-parent\" data-id=\"a9c2f68\" data-element_type=\"container\" data-e-type=\"container\" data-settings=\"{&quot;background_background&quot;:&quot;classic&quot;}\">\n\t\t\t\t\t<div class=\"e-con-inner\">\n\t\t<div class=\"elementor-element elementor-element-7a64bd8 e-con-full e-flex e-con e-child\" data-id=\"7a64bd8\" data-element_type=\"container\" data-e-type=\"container\">\n\t\t\t\t<div class=\"elementor-element elementor-element-fd4c0f5 elementor-widget elementor-widget-heading\" data-id=\"fd4c0f5\" data-element_type=\"widget\" data-e-type=\"widget\" data-widget_type=\"heading.default\">\n\t\t\t\t<div class=\"elementor-widget-container\">\n\t\t\t\t\t<h2 class=\"elementor-heading-title elementor-size-default\">Encourager la responsabilit\u00e9 environnementale et la durabilit\u00e9 \u00e9conomique<\/h2>\t\t\t\t<\/div>\n\t\t\t\t<\/div>\n\t\t\t\t<div class=\"elementor-element elementor-element-2de6535 elementor-widget elementor-widget-heading\" data-id=\"2de6535\" data-element_type=\"widget\" data-e-type=\"widget\" data-widget_type=\"heading.default\">\n\t\t\t\t<div class=\"elementor-widget-container\">\n\t\t\t\t\t<h3 class=\"elementor-heading-title elementor-size-default\">Aper\u00e7u du programme de cr\u00e9dits carbone<\/h3>\t\t\t\t<\/div>\n\t\t\t\t<\/div>\n\t\t\t\t<div class=\"elementor-element elementor-element-c7a2f23 elementor-widget elementor-widget-text-editor\" data-id=\"c7a2f23\" data-element_type=\"widget\" data-e-type=\"widget\" data-widget_type=\"text-editor.default\">\n\t\t\t\t<div class=\"elementor-widget-container\">\n\t\t\t\t\t\t\t\t\t<p>Le programme de cr\u00e9dits carbone attribue des cr\u00e9dits aux exploitations agricoles enregistr\u00e9es en fonction de leurs niveaux d'\u00e9missions annuels. Les exploitations agricoles qui fonctionnent dans les limites de leurs cr\u00e9dits carbone allou\u00e9s peuvent les conserver pour une utilisation ult\u00e9rieure, les transf\u00e9rer \u00e0 d'autres entit\u00e9s ou les \u00e9changer contre des incitations financi\u00e8res. Cependant, les exploitations qui d\u00e9passent leurs cr\u00e9dits carbone peuvent faire face \u00e0 des p\u00e9nalit\u00e9s financi\u00e8res, ce qui souligne l'importance de la r\u00e9duction des \u00e9missions et des pratiques agricoles durables.<\/p>\t\t\t\t\t\t\t\t<\/div>\n\t\t\t\t<\/div>\n\t\t\t\t<\/div>\n\t\t<div class=\"elementor-element elementor-element-2c3bacc e-con-full e-flex e-con e-child\" data-id=\"2c3bacc\" data-element_type=\"container\" data-e-type=\"container\">\n\t\t<div class=\"elementor-element elementor-element-7eee1ac e-flex e-con-boxed e-con e-child\" data-id=\"7eee1ac\" data-element_type=\"container\" data-e-type=\"container\">\n\t\t\t\t\t<div class=\"e-con-inner\">\n\t\t\t\t<div class=\"elementor-element elementor-element-377df3c elementor-widget__width-auto elementor-widget-tablet__width-inherit elementor-widget elementor-widget-image\" data-id=\"377df3c\" data-element_type=\"widget\" data-e-type=\"widget\" data-widget_type=\"image.default\">\n\t\t\t\t<div class=\"elementor-widget-container\">\n\t\t\t\t\t\t\t\t\t\t\t\t\t\t\t<img decoding=\"async\" width=\"800\" height=\"448\" src=\"https:\/\/forchar.ca\/wp-content\/uploads\/2024\/04\/18850.jpg\" class=\"attachment-large size-large wp-image-463\" alt=\"\" srcset=\"https:\/\/forchar.ca\/wp-content\/uploads\/2024\/04\/18850.jpg 1000w, https:\/\/forchar.ca\/wp-content\/uploads\/2024\/04\/18850-300x168.jpg 300w, https:\/\/forchar.ca\/wp-content\/uploads\/2024\/04\/18850-600x336.jpg 600w, https:\/\/forchar.ca\/wp-content\/uploads\/2024\/04\/18850-768x430.jpg 768w\" sizes=\"(max-width: 800px) 100vw, 800px\" \/>\t\t\t\t\t\t\t\t\t\t\t\t\t\t\t<\/div>\n\t\t\t\t<\/div>\n\t\t\t\t\t<\/div>\n\t\t\t\t<\/div>\n\t\t\t\t<\/div>\n\t\t\t\t\t<\/div>\n\t\t\t\t<\/div>\n\t\t<div class=\"elementor-element elementor-element-7aefa41 e-flex e-con-boxed e-con e-parent\" data-id=\"7aefa41\" data-element_type=\"container\" data-e-type=\"container\" data-settings=\"{&quot;background_background&quot;:&quot;classic&quot;}\">\n\t\t\t\t\t<div class=\"e-con-inner\">\n\t\t<div class=\"elementor-element elementor-element-03a1cff e-con-full e-flex e-con e-child\" data-id=\"03a1cff\" data-element_type=\"container\" data-e-type=\"container\">\n\t\t\t\t<div class=\"elementor-element elementor-element-b85ec38 elementor-widget__width-auto elementor-widget-tablet__width-inherit elementor-widget elementor-widget-image\" data-id=\"b85ec38\" data-element_type=\"widget\" data-e-type=\"widget\" data-widget_type=\"image.default\">\n\t\t\t\t<div class=\"elementor-widget-container\">\n\t\t\t\t\t\t\t\t\t\t\t\t\t\t\t<img decoding=\"async\" width=\"600\" height=\"400\" src=\"https:\/\/forchar.ca\/wp-content\/uploads\/2024\/08\/WEB-20_cCodyGantz_BiocharHands_GardeningWithBiochar.webp\" class=\"attachment-large size-large wp-image-1122\" alt=\"\" srcset=\"https:\/\/forchar.ca\/wp-content\/uploads\/2024\/08\/WEB-20_cCodyGantz_BiocharHands_GardeningWithBiochar.webp 600w, https:\/\/forchar.ca\/wp-content\/uploads\/2024\/08\/WEB-20_cCodyGantz_BiocharHands_GardeningWithBiochar-300x200.webp 300w\" sizes=\"(max-width: 600px) 100vw, 600px\" \/>\t\t\t\t\t\t\t\t\t\t\t\t\t\t\t<\/div>\n\t\t\t\t<\/div>\n\t\t\t\t<\/div>\n\t\t<div class=\"elementor-element elementor-element-59ddafc e-con-full e-flex e-con e-child\" data-id=\"59ddafc\" data-element_type=\"container\" data-e-type=\"container\">\n\t\t<div class=\"elementor-element elementor-element-377c67a e-flex e-con-boxed e-con e-child\" data-id=\"377c67a\" data-element_type=\"container\" data-e-type=\"container\">\n\t\t\t\t\t<div class=\"e-con-inner\">\n\t\t\t\t<div class=\"elementor-element elementor-element-b4e4bbb elementor-widget elementor-widget-heading\" data-id=\"b4e4bbb\" data-element_type=\"widget\" data-e-type=\"widget\" data-widget_type=\"heading.default\">\n\t\t\t\t<div class=\"elementor-widget-container\">\n\t\t\t\t\t<h2 class=\"elementor-heading-title elementor-size-default\">Donner aux agriculteurs les moyens de r\u00e9ussir sur le plan environnemental et financier<\/h2>\t\t\t\t<\/div>\n\t\t\t\t<\/div>\n\t\t\t\t<div class=\"elementor-element elementor-element-1a9d4b3 elementor-widget elementor-widget-heading\" data-id=\"1a9d4b3\" data-element_type=\"widget\" data-e-type=\"widget\" data-widget_type=\"heading.default\">\n\t\t\t\t<div class=\"elementor-widget-container\">\n\t\t\t\t\t<h3 class=\"elementor-heading-title elementor-size-default\">Le r\u00f4le de FORCHAR dans l'agriculture du carbone<\/h3>\t\t\t\t<\/div>\n\t\t\t\t<\/div>\n\t\t\t\t<div class=\"elementor-element elementor-element-b9ba65b elementor-widget elementor-widget-text-editor\" data-id=\"b9ba65b\" data-element_type=\"widget\" data-e-type=\"widget\" data-widget_type=\"text-editor.default\">\n\t\t\t\t<div class=\"elementor-widget-container\">\n\t\t\t\t\t\t\t\t\tFORCHAR s\u2019engage \u00e0 soutenir les agriculteurs souhaitant g\u00e9n\u00e9rer des revenus suppl\u00e9mentaires gr\u00e2ce aux cr\u00e9dits carbone. Notre proc\u00e9d\u00e9 unique de production de biochar am\u00e9liore non seulement les rendements des cultures et des produits animaux, mais contribue \u00e9galement \u00e0 la s\u00e9questration du carbone. En utilisant le biochar de FORCHAR, les agriculteurs peuvent r\u00e9duire leur empreinte carbone tout en am\u00e9liorant la sant\u00e9 des sols et en luttant contre le changement climatique. Nous nous effor\u00e7ons d\u2019\u00eatre un catalyseur de changement positif dans l\u2019industrie agricole, en proposant des produits de biochar de haute qualit\u00e9 et des opportunit\u00e9s de gain financier gr\u00e2ce \u00e0 des initiatives d\u2019agriculture au carbone.\t\t\t\t\t\t\t\t<\/div>\n\t\t\t\t<\/div>\n\t\t\t\t\t<\/div>\n\t\t\t\t<\/div>\n\t\t\t\t<\/div>\n\t\t\t\t\t<\/div>\n\t\t\t\t<\/div>\n\t\t\t\t<\/div>","protected":false},"excerpt":{"rendered":"<p>Home Carbon Farming Carbon Farming Unlocking Nature&#8217;s Power with Biochar CALL US AT (418) 598-2262 Addressing Climate Change Through Sustainable Agriculture Introduction to Carbon Farming In the global fight against climate change, reducing carbon dioxide (CO2) and other greenhouse gas emissions has become a top priority. Governments worldwide, including Canada and Quebec, are implementing proactive [&hellip;]<\/p>\n","protected":false},"author":1,"featured_media":0,"parent":0,"menu_order":0,"comment_status":"closed","ping_status":"closed","template":"","meta":{"inline_featured_image":false,"footnotes":""},"class_list":["post-457","page","type-page","status-publish","hentry"],"yoast_head":"<!-- This site is optimized with the Yoast SEO plugin v27.4 - https:\/\/yoast.com\/product\/yoast-seo-wordpress\/ -->\n<title>Carbon Farming with Biochar &#8211; FORCHAR<\/title>\n<meta name=\"description\" content=\"Learn how carbon farming with biochar can capture carbon, improve soil health, and reduce environmental impact.\" \/>\n<meta name=\"robots\" content=\"index, follow, max-snippet:-1, max-image-preview:large, max-video-preview:-1\" \/>\n<link rel=\"canonical\" href=\"https:\/\/slateblue-stingray-583411.hostingersite.com\/fr\/carbon-farming\/\" \/>\n<meta property=\"og:locale\" content=\"fr_FR\" \/>\n<meta property=\"og:type\" content=\"article\" \/>\n<meta property=\"og:title\" content=\"Carbon Farming with Biochar &#8211; FORCHAR\" \/>\n<meta property=\"og:description\" content=\"Learn how carbon farming with biochar can capture carbon, improve soil health, and reduce environmental impact.\" \/>\n<meta property=\"og:url\" content=\"https:\/\/slateblue-stingray-583411.hostingersite.com\/fr\/carbon-farming\/\" \/>\n<meta property=\"og:site_name\" content=\"FORCHAR\" \/>\n<meta property=\"article:modified_time\" content=\"2025-12-29T12:04:56+00:00\" \/>\n<meta property=\"og:image\" content=\"https:\/\/forchar.ca\/wp-content\/uploads\/2024\/05\/farmers-working-at-pumpkin-farm-2023-11-27-05-14-50-utc-1024x683.jpg\" \/>\n<meta name=\"twitter:card\" content=\"summary_large_image\" \/>\n<meta name=\"twitter:label1\" content=\"Dur\u00e9e de lecture estim\u00e9e\" \/>\n\t<meta name=\"twitter:data1\" content=\"2 minutes\" \/>\n<script type=\"application\/ld+json\" class=\"yoast-schema-graph\">{\"@context\":\"https:\\\/\\\/schema.org\",\"@graph\":[{\"@type\":\"WebPage\",\"@id\":\"https:\\\/\\\/slateblue-stingray-583411.hostingersite.com\\\/fr\\\/carbon-farming\\\/\",\"url\":\"https:\\\/\\\/slateblue-stingray-583411.hostingersite.com\\\/fr\\\/carbon-farming\\\/\",\"name\":\"Carbon Farming with Biochar &#8211; FORCHAR\",\"isPartOf\":{\"@id\":\"https:\\\/\\\/forchar.ca\\\/en_us\\\/#website\"},\"primaryImageOfPage\":{\"@id\":\"https:\\\/\\\/slateblue-stingray-583411.hostingersite.com\\\/fr\\\/carbon-farming\\\/#primaryimage\"},\"image\":{\"@id\":\"https:\\\/\\\/slateblue-stingray-583411.hostingersite.com\\\/fr\\\/carbon-farming\\\/#primaryimage\"},\"thumbnailUrl\":\"https:\\\/\\\/forchar.ca\\\/wp-content\\\/uploads\\\/2024\\\/05\\\/farmers-working-at-pumpkin-farm-2023-11-27-05-14-50-utc-1024x683.jpg\",\"datePublished\":\"2024-04-15T12:49:25+00:00\",\"dateModified\":\"2025-12-29T12:04:56+00:00\",\"description\":\"Learn how carbon farming with biochar can capture carbon, improve soil health, and reduce environmental impact.\",\"breadcrumb\":{\"@id\":\"https:\\\/\\\/slateblue-stingray-583411.hostingersite.com\\\/fr\\\/carbon-farming\\\/#breadcrumb\"},\"inLanguage\":\"fr-FR\",\"potentialAction\":[{\"@type\":\"ReadAction\",\"target\":[\"https:\\\/\\\/slateblue-stingray-583411.hostingersite.com\\\/fr\\\/carbon-farming\\\/\"]}]},{\"@type\":\"ImageObject\",\"inLanguage\":\"fr-FR\",\"@id\":\"https:\\\/\\\/slateblue-stingray-583411.hostingersite.com\\\/fr\\\/carbon-farming\\\/#primaryimage\",\"url\":\"https:\\\/\\\/forchar.ca\\\/wp-content\\\/uploads\\\/2024\\\/05\\\/farmers-working-at-pumpkin-farm-2023-11-27-05-14-50-utc-1024x683.jpg\",\"contentUrl\":\"https:\\\/\\\/forchar.ca\\\/wp-content\\\/uploads\\\/2024\\\/05\\\/farmers-working-at-pumpkin-farm-2023-11-27-05-14-50-utc-1024x683.jpg\"},{\"@type\":\"BreadcrumbList\",\"@id\":\"https:\\\/\\\/slateblue-stingray-583411.hostingersite.com\\\/fr\\\/carbon-farming\\\/#breadcrumb\",\"itemListElement\":[{\"@type\":\"ListItem\",\"position\":1,\"name\":\"Home\",\"item\":\"https:\\\/\\\/forchar.ca\\\/en_us\\\/\"},{\"@type\":\"ListItem\",\"position\":2,\"name\":\"Carbon Farming\"}]},{\"@type\":\"WebSite\",\"@id\":\"https:\\\/\\\/forchar.ca\\\/en_us\\\/#website\",\"url\":\"https:\\\/\\\/forchar.ca\\\/en_us\\\/\",\"name\":\"Forchar\",\"description\":\"Best Biochar Supplier\",\"publisher\":{\"@id\":\"https:\\\/\\\/forchar.ca\\\/en_us\\\/#organization\"},\"alternateName\":\"Forchar\",\"potentialAction\":[{\"@type\":\"SearchAction\",\"target\":{\"@type\":\"EntryPoint\",\"urlTemplate\":\"https:\\\/\\\/forchar.ca\\\/en_us\\\/?s={search_term_string}\"},\"query-input\":{\"@type\":\"PropertyValueSpecification\",\"valueRequired\":true,\"valueName\":\"search_term_string\"}}],\"inLanguage\":\"fr-FR\"},{\"@type\":\"Organization\",\"@id\":\"https:\\\/\\\/forchar.ca\\\/en_us\\\/#organization\",\"name\":\"Forchar\",\"alternateName\":\"Forchar\",\"url\":\"https:\\\/\\\/forchar.ca\\\/en_us\\\/\",\"logo\":{\"@type\":\"ImageObject\",\"inLanguage\":\"fr-FR\",\"@id\":\"https:\\\/\\\/forchar.ca\\\/en_us\\\/#\\\/schema\\\/logo\\\/image\\\/\",\"url\":\"https:\\\/\\\/forchar.ca\\\/wp-content\\\/uploads\\\/2024\\\/03\\\/ForCharlogowithwhiteglow-1.png\",\"contentUrl\":\"https:\\\/\\\/forchar.ca\\\/wp-content\\\/uploads\\\/2024\\\/03\\\/ForCharlogowithwhiteglow-1.png\",\"width\":925,\"height\":855,\"caption\":\"Forchar\"},\"image\":{\"@id\":\"https:\\\/\\\/forchar.ca\\\/en_us\\\/#\\\/schema\\\/logo\\\/image\\\/\"}}]}<\/script>\n<!-- \/ Yoast SEO plugin. -->","yoast_head_json":{"title":"Carbon Farming with Biochar &#8211; FORCHAR","description":"Learn how carbon farming with biochar can capture carbon, improve soil health, and reduce environmental impact.","robots":{"index":"index","follow":"follow","max-snippet":"max-snippet:-1","max-image-preview":"max-image-preview:large","max-video-preview":"max-video-preview:-1"},"canonical":"https:\/\/slateblue-stingray-583411.hostingersite.com\/fr\/carbon-farming\/","og_locale":"fr_FR","og_type":"article","og_title":"Carbon Farming with Biochar &#8211; FORCHAR","og_description":"Learn how carbon farming with biochar can capture carbon, improve soil health, and reduce environmental impact.","og_url":"https:\/\/slateblue-stingray-583411.hostingersite.com\/fr\/carbon-farming\/","og_site_name":"FORCHAR","article_modified_time":"2025-12-29T12:04:56+00:00","og_image":[{"url":"https:\/\/forchar.ca\/wp-content\/uploads\/2024\/05\/farmers-working-at-pumpkin-farm-2023-11-27-05-14-50-utc-1024x683.jpg","type":"","width":"","height":""}],"twitter_card":"summary_large_image","twitter_misc":{"Dur\u00e9e de lecture estim\u00e9e":"2 minutes"},"schema":{"@context":"https:\/\/schema.org","@graph":[{"@type":"WebPage","@id":"https:\/\/slateblue-stingray-583411.hostingersite.com\/fr\/carbon-farming\/","url":"https:\/\/slateblue-stingray-583411.hostingersite.com\/fr\/carbon-farming\/","name":"Carbon Farming with Biochar &#8211; FORCHAR","isPartOf":{"@id":"https:\/\/forchar.ca\/en_us\/#website"},"primaryImageOfPage":{"@id":"https:\/\/slateblue-stingray-583411.hostingersite.com\/fr\/carbon-farming\/#primaryimage"},"image":{"@id":"https:\/\/slateblue-stingray-583411.hostingersite.com\/fr\/carbon-farming\/#primaryimage"},"thumbnailUrl":"https:\/\/forchar.ca\/wp-content\/uploads\/2024\/05\/farmers-working-at-pumpkin-farm-2023-11-27-05-14-50-utc-1024x683.jpg","datePublished":"2024-04-15T12:49:25+00:00","dateModified":"2025-12-29T12:04:56+00:00","description":"Learn how carbon farming with biochar can capture carbon, improve soil health, and reduce environmental impact.","breadcrumb":{"@id":"https:\/\/slateblue-stingray-583411.hostingersite.com\/fr\/carbon-farming\/#breadcrumb"},"inLanguage":"fr-FR","potentialAction":[{"@type":"ReadAction","target":["https:\/\/slateblue-stingray-583411.hostingersite.com\/fr\/carbon-farming\/"]}]},{"@type":"ImageObject","inLanguage":"fr-FR","@id":"https:\/\/slateblue-stingray-583411.hostingersite.com\/fr\/carbon-farming\/#primaryimage","url":"https:\/\/forchar.ca\/wp-content\/uploads\/2024\/05\/farmers-working-at-pumpkin-farm-2023-11-27-05-14-50-utc-1024x683.jpg","contentUrl":"https:\/\/forchar.ca\/wp-content\/uploads\/2024\/05\/farmers-working-at-pumpkin-farm-2023-11-27-05-14-50-utc-1024x683.jpg"},{"@type":"BreadcrumbList","@id":"https:\/\/slateblue-stingray-583411.hostingersite.com\/fr\/carbon-farming\/#breadcrumb","itemListElement":[{"@type":"ListItem","position":1,"name":"Home","item":"https:\/\/forchar.ca\/en_us\/"},{"@type":"ListItem","position":2,"name":"Carbon Farming"}]},{"@type":"WebSite","@id":"https:\/\/forchar.ca\/en_us\/#website","url":"https:\/\/forchar.ca\/en_us\/","name":"Forchar","description":"Best Biochar Supplier","publisher":{"@id":"https:\/\/forchar.ca\/en_us\/#organization"},"alternateName":"Forchar","potentialAction":[{"@type":"SearchAction","target":{"@type":"EntryPoint","urlTemplate":"https:\/\/forchar.ca\/en_us\/?s={search_term_string}"},"query-input":{"@type":"PropertyValueSpecification","valueRequired":true,"valueName":"search_term_string"}}],"inLanguage":"fr-FR"},{"@type":"Organization","@id":"https:\/\/forchar.ca\/en_us\/#organization","name":"Forchar","alternateName":"Forchar","url":"https:\/\/forchar.ca\/en_us\/","logo":{"@type":"ImageObject","inLanguage":"fr-FR","@id":"https:\/\/forchar.ca\/en_us\/#\/schema\/logo\/image\/","url":"https:\/\/forchar.ca\/wp-content\/uploads\/2024\/03\/ForCharlogowithwhiteglow-1.png","contentUrl":"https:\/\/forchar.ca\/wp-content\/uploads\/2024\/03\/ForCharlogowithwhiteglow-1.png","width":925,"height":855,"caption":"Forchar"},"image":{"@id":"https:\/\/forchar.ca\/en_us\/#\/schema\/logo\/image\/"}}]}},"_links":{"self":[{"href":"https:\/\/forchar.ca\/fr\/wp-json\/wp\/v2\/pages\/457","targetHints":{"allow":["GET"]}}],"collection":[{"href":"https:\/\/forchar.ca\/fr\/wp-json\/wp\/v2\/pages"}],"about":[{"href":"https:\/\/forchar.ca\/fr\/wp-json\/wp\/v2\/types\/page"}],"author":[{"embeddable":true,"href":"https:\/\/forchar.ca\/fr\/wp-json\/wp\/v2\/users\/1"}],"replies":[{"embeddable":true,"href":"https:\/\/forchar.ca\/fr\/wp-json\/wp\/v2\/comments?post=457"}],"version-history":[{"count":52,"href":"https:\/\/forchar.ca\/fr\/wp-json\/wp\/v2\/pages\/457\/revisions"}],"predecessor-version":[{"id":2884,"href":"https:\/\/forchar.ca\/fr\/wp-json\/wp\/v2\/pages\/457\/revisions\/2884"}],"wp:attachment":[{"href":"https:\/\/forchar.ca\/fr\/wp-json\/wp\/v2\/media?parent=457"}],"curies":[{"name":"wp","href":"https:\/\/api.w.org\/{rel}","templated":true}]}}